{"id":15,"date":"2022-08-03T11:33:50","date_gmt":"2022-08-03T09:33:50","guid":{"rendered":"https:\/\/pleivrueun.rute4.ch\/de\/?page_id=15"},"modified":"2026-04-07T11:18:57","modified_gmt":"2026-04-07T09:18:57","slug":"aktuell","status":"publish","type":"page","link":"https:\/\/pleiv-rueun.ch\/de\/aktuell\/","title":{"rendered":"Aktuell"},"content":{"rendered":"\n<p class=\"has-larger-font-size\"><strong>Generalversammlung der Kirchgemeinde<\/strong><\/p>\n\n\n\n<p>Der Kirchgemeindevorstand l\u00e4dt alle Kirchgemeindemitglieder zur j\u00e4hrlichen Generalversammlung ein. Diese findet statt am Samstag,  9.05.2026 um 20:15 Uhr in der Halle Crestas in Ruschein. <\/p>\n\n\n\n<p>Noch immer sucht der Vorstand dringend neue Vorstandsmitglieder. <\/p>\n\n\n\n<p>Der Kirchgemeindepr\u00e4sident Duri Coray nimmt gerne Anmeldungen entgegen. <\/p>\n\n\n\n<p>\u00a0\u00a0\u00a0\u00a0\u00a0\u00a0\u00a0\u00a0\u00a0\u00a0\u00a0<\/p>\n\n\n\n<p>Demissionen<strong>:<\/strong><\/p>\n\n\n\n<p><strong>Duri Coray, Pr\u00e4sident&nbsp;&nbsp;&nbsp;<\/strong><\/p>\n\n\n\n<p><strong>Hubertus Spescha, Aktuar&nbsp;&nbsp;&nbsp;<\/strong><\/p>\n\n\n\n<p><strong>Bettina Bertogg, Kassiererin&nbsp;&nbsp;<\/strong><\/p>\n\n\n\n<p>Valentin Alig wurde ad interim f\u00fcr den Bereich Geb\u00e4ude und Wiesen eingesetzt. An der GV 2026 wird er voraussichtlich f\u00fcr die Wahl zur Verf\u00fcgung stehen.<\/p>\n\n\n\n<p>Bemerkungen:<\/p>\n\n\n\n<p>Die Demissionen erfolgen aus unterschiedlichen Gr\u00fcnden. Innerhalb des Vorstandes bestehen keine Unstimmigkeiten.<\/p>\n\n\n\n<p>Um die Zukunft unserer Kirchgemeinde weiterhin sichern zu k\u00f6nnen, bitten wir die Pfarreimitglieder um Unterst\u00fctzung bei der Neubesetzung des Vorstandes.<\/p>\n\n\n\n<p>Bei Fragen steht der Pr\u00e4sident gerne unverbindlich zur Verf\u00fcgung. (Kontaktdaten sind unter pleiv-rueun.ch zu finden.)<\/p>\n\n\n\n<p><em>Der Pr\u00e4sident, Duri Coray<\/em><\/p>\n\n\n\n<hr class=\"wp-block-separator has-alpha-channel-opacity\"\/>\n\n\n\n<p class=\"has-large-font-size\"><strong>Todesfall<\/strong><\/p>\n\n\n\n<p>Bei einem Todesfall in der Familie bitte den Pfarrer kontaktieren und auch<\/p>\n\n\n\n<p>die<a href=\"https:\/\/www.ilanz-glion.ch\/leben-arbeiten\/kirche-religion\/todesfall\"> Gemeindeverwaltung<\/a>. <\/p>\n\n\n\n<p><\/p>\n\n\n\n<p><\/p>\n\n\n\n<p><\/p>\n\n\n\n<p class=\"has-large-font-size\"><strong>Gesucht<\/strong><\/p>\n\n\n\n<p>Organisten \/ Organistinnen<\/p>\n\n\n\n<p>Die Pfarreien von s. Andriu (Rueun) und s. Flurin (Siat) suchen Personen welche die Sonntagsmessen musikalisch (auf der Orgel) begleiten w\u00fcrden.<\/p>\n\n\n\n<p>F\u00fcr weitere Ausk\u00fcnfte oder Fragen steht ihnen der Kirchgemeindepr\u00e4sident oder unser Pfarradministrator zur Verf\u00fcgung.<br>(081 925 13 64 oder <a href=\"mailto:pleivs-rrsp@bluewin.ch\">pleivs-rrsp@bluewin.ch<\/a>)<\/p>\n\n\n\n<figure class=\"wp-block-image size-full\"><img loading=\"lazy\" decoding=\"async\" width=\"480\" height=\"640\" src=\"https:\/\/pleivrueun.rute4.ch\/de\/wp-content\/uploads\/sites\/2\/2022\/08\/0889843001519739493_62___0332381001365451443_62.JPG___.jpg\" alt=\"\" class=\"wp-image-74\" srcset=\"https:\/\/pleiv-rueun.ch\/de\/wp-content\/uploads\/sites\/2\/2022\/08\/0889843001519739493_62___0332381001365451443_62.JPG___.jpg 480w, https:\/\/pleiv-rueun.ch\/de\/wp-content\/uploads\/sites\/2\/2022\/08\/0889843001519739493_62___0332381001365451443_62.JPG___-225x300.jpg 225w\" sizes=\"auto, (max-width: 480px) 100vw, 480px\" \/><\/figure>\n","protected":false},"excerpt":{"rendered":"<p>Generalversammlung der Kirchgemeinde Der Kirchgemeindevorstand l\u00e4dt alle Kirchgemeindemitglieder zur j\u00e4hrlichen Generalversammlung ein. Diese findet statt am Samstag, 9.05.2026 um 20:15 Uhr in der Halle Crestas in Ruschein. Noch immer sucht der Vorstand dringend neue Vorstandsmitglieder. Der Kirchgemeindepr\u00e4sident Duri Coray nimmt gerne Anmeldungen entgegen. \u00a0\u00a0\u00a0\u00a0\u00a0\u00a0\u00a0\u00a0\u00a0\u00a0\u00a0 Demissionen: Duri Coray, Pr\u00e4sident&nbsp;&nbsp;&nbsp; Hubertus Spescha, Aktuar&nbsp;&nbsp;&nbsp; Bettina Bertogg, Kassiererin&nbsp;&nbsp; Valentin [&hellip;]<\/p>\n","protected":false},"author":1,"featured_media":0,"parent":0,"menu_order":0,"comment_status":"closed","ping_status":"closed","template":"","meta":{"footnotes":""},"class_list":["post-15","page","type-page","status-publish","hentry"],"_links":{"self":[{"href":"https:\/\/pleiv-rueun.ch\/de\/wp-json\/wp\/v2\/pages\/15","targetHints":{"allow":["GET"]}}],"collection":[{"href":"https:\/\/pleiv-rueun.ch\/de\/wp-json\/wp\/v2\/pages"}],"about":[{"href":"https:\/\/pleiv-rueun.ch\/de\/wp-json\/wp\/v2\/types\/page"}],"author":[{"embeddable":true,"href":"https:\/\/pleiv-rueun.ch\/de\/wp-json\/wp\/v2\/users\/1"}],"replies":[{"embeddable":true,"href":"https:\/\/pleiv-rueun.ch\/de\/wp-json\/wp\/v2\/comments?post=15"}],"version-history":[{"count":28,"href":"https:\/\/pleiv-rueun.ch\/de\/wp-json\/wp\/v2\/pages\/15\/revisions"}],"predecessor-version":[{"id":321,"href":"https:\/\/pleiv-rueun.ch\/de\/wp-json\/wp\/v2\/pages\/15\/revisions\/321"}],"wp:attachment":[{"href":"https:\/\/pleiv-rueun.ch\/de\/wp-json\/wp\/v2\/media?parent=15"}],"curies":[{"name":"wp","href":"https:\/\/api.w.org\/{rel}","templated":true}]}}