{"id":17,"date":"2022-08-03T11:34:14","date_gmt":"2022-08-03T09:34:14","guid":{"rendered":"https:\/\/pleivrueun.rute4.ch\/de\/?page_id=17"},"modified":"2025-11-11T13:43:05","modified_gmt":"2025-11-11T12:43:05","slug":"kalender","status":"publish","type":"page","link":"https:\/\/pleiv-rueun.ch\/de\/kalender\/","title":{"rendered":"Kalender"},"content":{"rendered":"\n<p>Messen, Gottesdienste und Andachten werden jeweils im Amtsblatt (Fegl Ufficial dalla Surselva) ver\u00f6ffentlicht unter der Rubrik &#8222;Pleivs&#8220; und da unter &#8222;Rueun\/Ruschein\/Siat\/Pigniu&#8220;<\/p>\n\n\n\n<p><strong>ACHTUNG:<\/strong><br>Falls im Fegl Ufficial eine andere Angabe betreffend Messen steht als im Messeplan, so gilt die Angabe im Fegl Ufficial (FUS).<\/p>\n\n\n\n<p>Hier gibts bereits den neuen Messeplan:<\/p>\n\n\n\n<p><a href=\"https:\/\/pleiv-rueun.ch\/de\/wp-content\/uploads\/sites\/2\/2025\/02\/plan-da-messa-2025-V2.pdf\">MESSEPLAN 2025 (KLICKEN)<\/a><\/p>\n\n\n\n<p><\/p>\n\n\n\n<p><a href=\"https:\/\/pleiv-rueun.ch\/wp-content\/uploads\/2025\/11\/plan-da-messa-2026.pdf\" data-type=\"link\" data-id=\"https:\/\/pleiv-rueun.ch\/wp-content\/uploads\/2025\/11\/plan-da-messa-2026.pdf\">MESSEPLAN 2026 (klicken)<\/a><\/p>\n\n\n\n<hr class=\"wp-block-separator has-alpha-channel-opacity\"\/>\n\n\n\n<h2 class=\"wp-block-heading\">Gottesdienste an Werktagen<\/h2>\n\n\n\n<p><strong>Rueun:<\/strong><br>Dienstag um 10:00 Uhr (Winterzeit)<br>Dienstag um 19:00 Uhr (Sommerzeit)<\/p>\n\n\n\n<p><strong>Ruschein:<\/strong><br>Freitag um 19:00 Uhr<\/p>\n\n\n\n<p><strong>Siat:<\/strong><br>Mittwoch um 10:00 Uhr<\/p>\n\n\n\n<p>Pfarrer der Kirchgemeinde Rueun Ruschein Siat Pigniu:<\/p>\n\n\n\n<p>F\u00fcr alle Belange der Seelsorge (f\u00fcr Fragen und W\u00fcnsche) ist verantwortlich:<\/p>\n\n\n\n<p>Thomas Arkuszewski, Via principala 48, 7154 Ruschein<br>Telefon: 081 925 13 64<br>mail: <a href=\"mailto:pleivs-rrsp@bluewin.ch\">pleivs-rrsp@bluewin.ch<\/a><\/p>\n","protected":false},"excerpt":{"rendered":"<p>Messen, Gottesdienste und Andachten werden jeweils im Amtsblatt (Fegl Ufficial dalla Surselva) ver\u00f6ffentlicht unter der Rubrik &#8222;Pleivs&#8220; und da unter &#8222;Rueun\/Ruschein\/Siat\/Pigniu&#8220; ACHTUNG:Falls im Fegl Ufficial eine andere Angabe betreffend Messen steht als im Messeplan, so gilt die Angabe im Fegl Ufficial (FUS). Hier gibts bereits den neuen Messeplan: MESSEPLAN 2025 (KLICKEN) MESSEPLAN 2026 (klicken) Gottesdienste [&hellip;]<\/p>\n","protected":false},"author":1,"featured_media":0,"parent":0,"menu_order":0,"comment_status":"closed","ping_status":"closed","template":"","meta":{"footnotes":""},"class_list":["post-17","page","type-page","status-publish","hentry"],"_links":{"self":[{"href":"https:\/\/pleiv-rueun.ch\/de\/wp-json\/wp\/v2\/pages\/17","targetHints":{"allow":["GET"]}}],"collection":[{"href":"https:\/\/pleiv-rueun.ch\/de\/wp-json\/wp\/v2\/pages"}],"about":[{"href":"https:\/\/pleiv-rueun.ch\/de\/wp-json\/wp\/v2\/types\/page"}],"author":[{"embeddable":true,"href":"https:\/\/pleiv-rueun.ch\/de\/wp-json\/wp\/v2\/users\/1"}],"replies":[{"embeddable":true,"href":"https:\/\/pleiv-rueun.ch\/de\/wp-json\/wp\/v2\/comments?post=17"}],"version-history":[{"count":17,"href":"https:\/\/pleiv-rueun.ch\/de\/wp-json\/wp\/v2\/pages\/17\/revisions"}],"predecessor-version":[{"id":307,"href":"https:\/\/pleiv-rueun.ch\/de\/wp-json\/wp\/v2\/pages\/17\/revisions\/307"}],"wp:attachment":[{"href":"https:\/\/pleiv-rueun.ch\/de\/wp-json\/wp\/v2\/media?parent=17"}],"curies":[{"name":"wp","href":"https:\/\/api.w.org\/{rel}","templated":true}]}}