{"id":27,"date":"2022-08-03T11:37:27","date_gmt":"2022-08-03T09:37:27","guid":{"rendered":"https:\/\/pleivrueun.rute4.ch\/de\/?page_id=27"},"modified":"2022-09-05T19:36:49","modified_gmt":"2022-09-05T17:36:49","slug":"ruschein","status":"publish","type":"page","link":"https:\/\/pleiv-rueun.ch\/de\/sekralebauten\/ruschein\/","title":{"rendered":"Ruschein"},"content":{"rendered":"\n<h2 class=\"wp-block-heading\">Pfarrkirche sogn Gieri (hl. Georg)<\/h2>\n\n\n\n<figure class=\"wp-block-image size-full\"><img loading=\"lazy\" decoding=\"async\" width=\"498\" height=\"387\" src=\"https:\/\/pleivrueun.rute4.ch\/de\/wp-content\/uploads\/sites\/2\/2022\/08\/Unknown-5.png\" alt=\"\" class=\"wp-image-150\" srcset=\"https:\/\/pleiv-rueun.ch\/de\/wp-content\/uploads\/sites\/2\/2022\/08\/Unknown-5.png 498w, https:\/\/pleiv-rueun.ch\/de\/wp-content\/uploads\/sites\/2\/2022\/08\/Unknown-5-300x233.png 300w\" sizes=\"auto, (max-width: 498px) 100vw, 498px\" \/><\/figure>\n\n\n\n<p><\/p>\n\n\n\n<p><a href=\"http:\/\/www.kirchen-online.org\/kirchen--kapellen-in-graubuenden-und-umgebung\/ruschein---sogn-gieri.php\" target=\"_blank\" rel=\"noreferrer noopener\">HIER gibts mehr Informationen von der Pfarrkirche s. Gieri<\/a><\/p>\n\n\n\n<p><a rel=\"noreferrer noopener\" href=\"https:\/\/www.youtube.com\/watch?v=_V7IOzizYgs\" target=\"_blank\">HIER k\u00f6nnen Sie das Gel\u00e4ute der Pfarrkirche anh\u00f6ren<\/a><\/p>\n\n\n\n<p class=\"has-large-font-size\"><strong>Caplutta Nossadunna (Muttergotteskapelle)<\/strong><\/p>\n\n\n\n<figure class=\"wp-block-image size-full\"><img loading=\"lazy\" decoding=\"async\" width=\"280\" height=\"186\" src=\"https:\/\/pleivrueun.rute4.ch\/de\/wp-content\/uploads\/sites\/2\/2022\/08\/0535604001483295897_62___0305651001482517891_62.JPG___.jpg\" alt=\"\" class=\"wp-image-148\"\/><\/figure>\n\n\n\n<p><\/p>\n\n\n\n<p><a rel=\"noreferrer noopener\" href=\"http:\/\/www.kirchen-online.org\/kirchen--kapellen-in-graubuenden-und-umgebung\/ruschein---nossadunna.php\" target=\"_blank\">HIER gibt es mehr Informationen \u00fcber die Kapelle Nossadunna<\/a><\/p>\n\n\n\n<p class=\"has-large-font-size\"><strong>Caplutta s. Antoni<\/strong> (Antoniuskapelle)<\/p>\n\n\n\n<figure class=\"wp-block-image size-full\"><img loading=\"lazy\" decoding=\"async\" width=\"280\" height=\"186\" src=\"https:\/\/pleivrueun.rute4.ch\/de\/wp-content\/uploads\/sites\/2\/2022\/08\/0610233001504355265_62___0306381001482517891_62.JPG___.jpg\" alt=\"\" class=\"wp-image-149\"\/><\/figure>\n\n\n\n<p><\/p>\n","protected":false},"excerpt":{"rendered":"<p>Pfarrkirche sogn Gieri (hl. Georg) HIER gibts mehr Informationen von der Pfarrkirche s. Gieri HIER k\u00f6nnen Sie das Gel\u00e4ute der Pfarrkirche anh\u00f6ren Caplutta Nossadunna (Muttergotteskapelle) HIER gibt es mehr Informationen \u00fcber die Kapelle Nossadunna Caplutta s. Antoni (Antoniuskapelle)<\/p>\n","protected":false},"author":1,"featured_media":0,"parent":19,"menu_order":0,"comment_status":"closed","ping_status":"closed","template":"","meta":{"footnotes":""},"class_list":["post-27","page","type-page","status-publish","hentry"],"_links":{"self":[{"href":"https:\/\/pleiv-rueun.ch\/de\/wp-json\/wp\/v2\/pages\/27","targetHints":{"allow":["GET"]}}],"collection":[{"href":"https:\/\/pleiv-rueun.ch\/de\/wp-json\/wp\/v2\/pages"}],"about":[{"href":"https:\/\/pleiv-rueun.ch\/de\/wp-json\/wp\/v2\/types\/page"}],"author":[{"embeddable":true,"href":"https:\/\/pleiv-rueun.ch\/de\/wp-json\/wp\/v2\/users\/1"}],"replies":[{"embeddable":true,"href":"https:\/\/pleiv-rueun.ch\/de\/wp-json\/wp\/v2\/comments?post=27"}],"version-history":[{"count":3,"href":"https:\/\/pleiv-rueun.ch\/de\/wp-json\/wp\/v2\/pages\/27\/revisions"}],"predecessor-version":[{"id":189,"href":"https:\/\/pleiv-rueun.ch\/de\/wp-json\/wp\/v2\/pages\/27\/revisions\/189"}],"up":[{"embeddable":true,"href":"https:\/\/pleiv-rueun.ch\/de\/wp-json\/wp\/v2\/pages\/19"}],"wp:attachment":[{"href":"https:\/\/pleiv-rueun.ch\/de\/wp-json\/wp\/v2\/media?parent=27"}],"curies":[{"name":"wp","href":"https:\/\/api.w.org\/{rel}","templated":true}]}}