{"id":29,"date":"2022-08-03T11:37:46","date_gmt":"2022-08-03T09:37:46","guid":{"rendered":"https:\/\/pleivrueun.rute4.ch\/de\/?page_id=29"},"modified":"2022-09-05T19:40:06","modified_gmt":"2022-09-05T17:40:06","slug":"siat","status":"publish","type":"page","link":"https:\/\/pleiv-rueun.ch\/de\/sekralebauten\/siat\/","title":{"rendered":"Siat"},"content":{"rendered":"\n<h2 class=\"wp-block-heading\">Pfarrkirche sogn Flurin<\/h2>\n\n\n\n<figure class=\"wp-block-image size-full\"><img decoding=\"async\" src=\"https:\/\/pleivrueun.rute4.ch\/wp-content\/uploads\/2022\/08\/Unknown-5.png\" alt=\"\" class=\"wp-image-111\"\/><\/figure>\n\n\n\n<p><\/p>\n\n\n\n<p><strong><a href=\"http:\/\/www.kirchen-online.org\/kirchen--kapellen-in-graubuenden-und-umgebung\/siat-seth---sogn-flurin.php\">HIER gibts mehr Informationen zur Pfarrkirche<\/a><\/strong><\/p>\n\n\n\n<p class=\"has-small-font-size\"><strong><a href=\"https:\/\/www.youtube.com\/watch?v=dP70BfaQxbE\">HIER k\u00f6nnen Sie das Gel\u00e4ute der Glocken von sogn Flurin anh\u00f6ren<\/a><\/strong><\/p>\n\n\n\n<p class=\"has-large-font-size\"><strong>Caplutta sogn Glieci<\/strong> (Luzius Kapelle)<\/p>\n\n\n\n<figure class=\"wp-block-image size-full\"><img decoding=\"async\" src=\"https:\/\/pleivrueun.rute4.ch\/wp-content\/uploads\/2022\/08\/Unknown-1-2.png\" alt=\"\" class=\"wp-image-109\"\/><\/figure>\n\n\n\n<p><\/p>\n\n\n\n<p><strong><a href=\"http:\/\/www.kirchen-online.org\/kirchen--kapellen-in-graubuenden-und-umgebung\/siat-seth---sogn-glieci.php\">HIER gibt es mehr Informationen zur Kapelle<\/a>\u00a0<\/strong><\/p>\n\n\n\n<p class=\"has-large-font-size\"><strong>Caplutta sogn Ambrosi<\/strong> (Ambrosius Kapelle)<\/p>\n\n\n\n<figure class=\"wp-block-image size-full\"><img decoding=\"async\" src=\"https:\/\/pleivrueun.rute4.ch\/wp-content\/uploads\/2022\/08\/Unknown-2-2.png\" alt=\"\" class=\"wp-image-110\"\/><\/figure>\n\n\n\n<p><\/p>\n","protected":false},"excerpt":{"rendered":"<p>Pfarrkirche sogn Flurin HIER gibts mehr Informationen zur Pfarrkirche HIER k\u00f6nnen Sie das Gel\u00e4ute der Glocken von sogn Flurin anh\u00f6ren Caplutta sogn Glieci (Luzius Kapelle) HIER gibt es mehr Informationen zur Kapelle\u00a0 Caplutta sogn Ambrosi (Ambrosius Kapelle)<\/p>\n","protected":false},"author":1,"featured_media":0,"parent":19,"menu_order":0,"comment_status":"closed","ping_status":"closed","template":"","meta":{"footnotes":""},"class_list":["post-29","page","type-page","status-publish","hentry"],"_links":{"self":[{"href":"https:\/\/pleiv-rueun.ch\/de\/wp-json\/wp\/v2\/pages\/29","targetHints":{"allow":["GET"]}}],"collection":[{"href":"https:\/\/pleiv-rueun.ch\/de\/wp-json\/wp\/v2\/pages"}],"about":[{"href":"https:\/\/pleiv-rueun.ch\/de\/wp-json\/wp\/v2\/types\/page"}],"author":[{"embeddable":true,"href":"https:\/\/pleiv-rueun.ch\/de\/wp-json\/wp\/v2\/users\/1"}],"replies":[{"embeddable":true,"href":"https:\/\/pleiv-rueun.ch\/de\/wp-json\/wp\/v2\/comments?post=29"}],"version-history":[{"count":4,"href":"https:\/\/pleiv-rueun.ch\/de\/wp-json\/wp\/v2\/pages\/29\/revisions"}],"predecessor-version":[{"id":192,"href":"https:\/\/pleiv-rueun.ch\/de\/wp-json\/wp\/v2\/pages\/29\/revisions\/192"}],"up":[{"embeddable":true,"href":"https:\/\/pleiv-rueun.ch\/de\/wp-json\/wp\/v2\/pages\/19"}],"wp:attachment":[{"href":"https:\/\/pleiv-rueun.ch\/de\/wp-json\/wp\/v2\/media?parent=29"}],"curies":[{"name":"wp","href":"https:\/\/api.w.org\/{rel}","templated":true}]}}