{"id":37,"date":"2022-08-03T11:40:32","date_gmt":"2022-08-03T09:40:32","guid":{"rendered":"https:\/\/pleivrueun.rute4.ch\/de\/?page_id=37"},"modified":"2022-08-15T11:57:16","modified_gmt":"2022-08-15T09:57:16","slug":"seelsorgerat","status":"publish","type":"page","link":"https:\/\/pleiv-rueun.ch\/de\/seelsorgerat\/","title":{"rendered":"Seelsorgerat"},"content":{"rendered":"\n<p><strong>Cussegl pastoral &#8211; Seelsorgerat<\/strong><\/p>\n\n\n\n<p>Das soll eine Gruppe mit mehreren Personen, von allen vier Pfarreien sein, welche die Seelsorgearbeit unterst\u00fctzen und begleiten. Sie helfen mit verschiedene Pfarrei- oder Kirchgemeindeanl\u00e4sse zu organisieren, (z.B. an der Perdanonza (Kirchweihfest) helfen die Leute zu organisieren die den Baldachin oder Kreuze tragen usw.). Der Seelsorgerat soll auch Ideen f\u00fcr Treffen der Pfarreimitglieder verwirklichen. Im Seelsorgerat integriert w\u00e4re eine Liturgiegruppe, das sind Personen die z.B. in der Messe die Lektion und die F\u00fcrbitten lesen, bei der Austeilung der Kommunion mithelfen und welche auch helfen Wortgottesdienstfeiern zu gestalten.<\/p>\n\n\n\n<p>Wenn Sie sich daf\u00fcr interessieren, sich angesprochen f\u00fchlen und mithelfen wollen, dann wenden Sie sich unverbindlich an eines der Vorstandsmitglieder der Kirchgemeinde.<\/p>\n","protected":false},"excerpt":{"rendered":"<p>Cussegl pastoral &#8211; Seelsorgerat Das soll eine Gruppe mit mehreren Personen, von allen vier Pfarreien sein, welche die Seelsorgearbeit unterst\u00fctzen und begleiten. Sie helfen mit verschiedene Pfarrei- oder Kirchgemeindeanl\u00e4sse zu organisieren, (z.B. an der Perdanonza (Kirchweihfest) helfen die Leute zu organisieren die den Baldachin oder Kreuze tragen usw.). Der Seelsorgerat soll auch Ideen f\u00fcr Treffen [&hellip;]<\/p>\n","protected":false},"author":1,"featured_media":0,"parent":0,"menu_order":0,"comment_status":"closed","ping_status":"closed","template":"","meta":{"footnotes":""},"class_list":["post-37","page","type-page","status-publish","hentry"],"_links":{"self":[{"href":"https:\/\/pleiv-rueun.ch\/de\/wp-json\/wp\/v2\/pages\/37","targetHints":{"allow":["GET"]}}],"collection":[{"href":"https:\/\/pleiv-rueun.ch\/de\/wp-json\/wp\/v2\/pages"}],"about":[{"href":"https:\/\/pleiv-rueun.ch\/de\/wp-json\/wp\/v2\/types\/page"}],"author":[{"embeddable":true,"href":"https:\/\/pleiv-rueun.ch\/de\/wp-json\/wp\/v2\/users\/1"}],"replies":[{"embeddable":true,"href":"https:\/\/pleiv-rueun.ch\/de\/wp-json\/wp\/v2\/comments?post=37"}],"version-history":[{"count":2,"href":"https:\/\/pleiv-rueun.ch\/de\/wp-json\/wp\/v2\/pages\/37\/revisions"}],"predecessor-version":[{"id":159,"href":"https:\/\/pleiv-rueun.ch\/de\/wp-json\/wp\/v2\/pages\/37\/revisions\/159"}],"wp:attachment":[{"href":"https:\/\/pleiv-rueun.ch\/de\/wp-json\/wp\/v2\/media?parent=37"}],"curies":[{"name":"wp","href":"https:\/\/api.w.org\/{rel}","templated":true}]}}