{"id":8,"date":"2022-08-03T10:53:49","date_gmt":"2022-08-03T08:53:49","guid":{"rendered":"https:\/\/pleivrueun.rute4.ch\/de\/?page_id=8"},"modified":"2022-08-25T16:48:05","modified_gmt":"2022-08-25T14:48:05","slug":"home","status":"publish","type":"page","link":"https:\/\/pleiv-rueun.ch\/de\/","title":{"rendered":"Home"},"content":{"rendered":"\n<blockquote class=\"wp-block-quote is-layout-flow wp-block-quote-is-layout-flow\"><p>Herzlich Willkommen bei der Kirchgemeinde<br>Rueun Ruschein Siat Pigniu<\/p><\/blockquote>\n\n\n\n<p>Sehr geehrte Leserin, sehr geehrter Leser<\/p>\n\n\n\n<p>Unsere Pfarrkirchen S. Andriu, S.Gieri, S.Flurin und S.Valentin sind die Wahrzeichen der 4 Pfarreien welche seit dem 1.1.2017 unter einem gemeinsamem administrativen Dach stehen.<br> <br>Der Sitz der Kirchgemeinde ist jeweils der Wohnort des Kirchgemeindepr\u00e4sidenten, aktuell deshalb in Ruschein.<br> <br>Die Seelsorge liegt in den H\u00e4nden von Pfarrer Thomas Arkuszewski.<br><br><img loading=\"lazy\" decoding=\"async\" width=\"450\" height=\"253\" class=\"wp-image-64\" style=\"width: 450px;\" src=\"https:\/\/pleivrueun.rute4.ch\/de\/wp-content\/uploads\/sites\/2\/2022\/08\/0550937001499694864_62___0127763001482508517_62.jpg___.jpg\" alt=\"\" srcset=\"https:\/\/pleiv-rueun.ch\/de\/wp-content\/uploads\/sites\/2\/2022\/08\/0550937001499694864_62___0127763001482508517_62.jpg___.jpg 450w, https:\/\/pleiv-rueun.ch\/de\/wp-content\/uploads\/sites\/2\/2022\/08\/0550937001499694864_62___0127763001482508517_62.jpg___-300x169.jpg 300w\" sizes=\"auto, (max-width: 450px) 100vw, 450px\" \/><\/p>\n\n\n\n<p>Diese Homepage soll auch ein Mittel dazu sein unsere Pfarreimitglieder \u00fcber Aktuelles aus unserer Kirchgemeinde zu informieren. Wir w\u00fcnschen Ihnen viel Vergn\u00fcgen beim Erforschen der Informationen \u00fcber die kirchlichen Bauten und \u00fcber die Belange der Kirchgemeinde.<\/p>\n","protected":false},"excerpt":{"rendered":"<p>Herzlich Willkommen bei der KirchgemeindeRueun Ruschein Siat Pigniu Sehr geehrte Leserin, sehr geehrter Leser Unsere Pfarrkirchen S. Andriu, S.Gieri, S.Flurin und S.Valentin sind die Wahrzeichen der 4 Pfarreien welche seit dem 1.1.2017 unter einem gemeinsamem administrativen Dach stehen. Der Sitz der Kirchgemeinde ist jeweils der Wohnort des Kirchgemeindepr\u00e4sidenten, aktuell deshalb in Ruschein. Die Seelsorge liegt [&hellip;]<\/p>\n","protected":false},"author":1,"featured_media":0,"parent":0,"menu_order":0,"comment_status":"closed","ping_status":"closed","template":"","meta":{"footnotes":""},"class_list":["post-8","page","type-page","status-publish","hentry"],"_links":{"self":[{"href":"https:\/\/pleiv-rueun.ch\/de\/wp-json\/wp\/v2\/pages\/8","targetHints":{"allow":["GET"]}}],"collection":[{"href":"https:\/\/pleiv-rueun.ch\/de\/wp-json\/wp\/v2\/pages"}],"about":[{"href":"https:\/\/pleiv-rueun.ch\/de\/wp-json\/wp\/v2\/types\/page"}],"author":[{"embeddable":true,"href":"https:\/\/pleiv-rueun.ch\/de\/wp-json\/wp\/v2\/users\/1"}],"replies":[{"embeddable":true,"href":"https:\/\/pleiv-rueun.ch\/de\/wp-json\/wp\/v2\/comments?post=8"}],"version-history":[{"count":6,"href":"https:\/\/pleiv-rueun.ch\/de\/wp-json\/wp\/v2\/pages\/8\/revisions"}],"predecessor-version":[{"id":172,"href":"https:\/\/pleiv-rueun.ch\/de\/wp-json\/wp\/v2\/pages\/8\/revisions\/172"}],"wp:attachment":[{"href":"https:\/\/pleiv-rueun.ch\/de\/wp-json\/wp\/v2\/media?parent=8"}],"curies":[{"name":"wp","href":"https:\/\/api.w.org\/{rel}","templated":true}]}}